{"id":1389,"date":"2022-04-07T09:36:27","date_gmt":"2022-04-07T09:36:27","guid":{"rendered":"http:\/\/biogen-online.com\/?page_id=1389"},"modified":"2022-04-26T07:23:06","modified_gmt":"2022-04-26T07:23:06","slug":"privacy-policy","status":"publish","type":"page","link":"https:\/\/biogen-online.com\/de\/privacy-policy\/","title":{"rendered":"Datenschutz"},"content":{"rendered":"<p><a>In unserer Datenschutzerkl\u00e4rung wird erl\u00e4utert, welche Informationen wir erheben, aus welchem Grund und wie wir diese Informationen nutzen. Insbesondere informieren wir entsprechend der Ma\u00dfgaben aus Art. 12 - 14 DSGVO und zu Ihren Rechten als Betroffener.<\/a><\/p>\n\n\n\n<h1 class=\"wp-block-heading\">Verantwortliche Stelle<\/h1>\n\n\n\n<p><strong>Bio-Gen Milchserum Marketing GmbH<\/strong><\/p>\n\n\n\n<p>Graf-von-Zeppelin-Stra\u00dfe 2-4<br>D 56410 Montabaur<\/p>\n\n\n\n<p>Phone +49 (0) 2602 10 666 1-0<br>Fax +49 (0) 2602 10 666 1-19<br>E-Mail: <a href=\"mailto:info@biogen-online.com\">info@biogen-online.com<\/a><\/p>\n\n\n\n<h1 class=\"wp-block-heading\">Kontaktaufnahme<\/h1>\n\n\n\n<p>Anfragen, Erkl\u00e4rungen und R\u00fcckfragen zum Datenschutz richten Sie bitte an<\/p>\n\n\n\n<p><strong>Bio-Gen Milchserum Marketing GmbH<\/strong><\/p>\n\n\n\n<p>An den Datenschutzbeauftragten<br>Graf-von-Zeppelin-Stra\u00dfe 2-4<br>D 56410 Montabaur<\/p>\n\n\n\n<p>Vorzugsweise auch per E-Mail an <a href=\"mailto:info@biogen-online.com\">info@biogen-online.com<\/a><\/p>\n\n\n\n<h1 class=\"wp-block-heading\">Anwendungsbereich<\/h1>\n\n\n\n<p>Die nachfolgende Erkl\u00e4rung erstreckt sich auf alle Websites der <strong>Bio-Gen Milchserum Marketing GmbH<\/strong> and associated companies that refer to it.<\/p>\n\n\n\n<h1 class=\"wp-block-heading\">Zwecke der Verarbeitung<\/h1>\n\n\n\n<p>Die Zwecke der Verarbeitung liegen in der Bereitstellung der Website, Optimierung unseres inhaltlichen Angebots, der Identifikation von Fehlerquellen, der Absicherung der Website und Performance-Optimierung.<br>Im Falle der Nutzung unseres Kontaktformulars liegt ein weiterer Zweck der Verarbeitung auch in der Abwicklung der Kommunikation.<\/p>\n\n\n\n<h1 class=\"wp-block-heading\">Kategorien betroffener Personen<\/h1>\n\n\n\n<ul class=\"wp-block-list\"><li>Webseitenbesucher<\/li><li>Kunden und andere Vertragspartner<\/li><li>Interessenten<\/li><\/ul>\n\n\n\n<h1 class=\"wp-block-heading\">Arten der verarbeiteten Daten<\/h1>\n\n\n\n<ul class=\"wp-block-list\"><li>Bestandsdaten (z. B. Namen, Adressen)<\/li><li>Inhaltsdaten (z. B. Texteingaben, Fotografien, Videos)<\/li><li>Kontaktdaten (z. B. E-Mail, Telefonnummern)<\/li><li>Meta-\/Kommunikationsdaten (z. B. Ger\u00e4te-Informationen, IP-Adressen)<\/li><li>Nutzungsdaten (z. B. besuchte Webseiten, Interesse an Inhalten, Zugriffszeiten)<\/li><\/ul>\n\n\n\n<h1 class=\"wp-block-heading\">Ma\u00dfgebliche Rechtsgrundlagen<\/h1>\n\n\n\n<p><a>Um personenbezogene Daten legitim zu verarbeiten, muss die Verarbeitung rechtm\u00e4\u00dfig sein. Nachstehend sind unsere ma\u00dfgeblichen Rechtsgrundlagen auf Basis derer wir Ihre personenbezogenen Daten im Zusammenhang mit dem Besuch dieser Website verarbeiten, aufgef\u00fchrt:<\/a><\/p>\n\n\n\n<h2 class=\"wp-block-heading\">Einwilligung nach Art. 6 Abs. 1 lit. a) DSGVO<\/h2>\n\n\n\n<p><a>Die Verarbeitung ist durch Erteilung einer zweckgebundenen Einwilligung, die jederzeit f\u00fcr die Zukunft widerrufbar ist, legitim.<\/a><\/p>\n\n\n\n<h2 class=\"wp-block-heading\">Vertragserf\u00fcllung oder vorvertragliche Ma\u00dfnahmen nach Art. 6 Abs. 1 lit. b) DSGVO<\/h2>\n\n\n\n<p>Die Verarbeitung ist f\u00fcr die Erf\u00fcllung eines Vertrags, dessen Vertragspartei die betroffene Person ist, oder zur Durchf\u00fchrung vorvertraglicher Ma\u00dfnahmen erforderlich, die auf Anfrage der betroffenen Person erfolgen<\/p>\n\n\n\n<h2 class=\"wp-block-heading\">Rechtliche Verpflichtung nach Art. 6 Abs. 1 lit. c) DSGVO<\/h2>\n\n\n\n<p><a>Die Verarbeitung ist zur Erf\u00fcllung einer rechtlichen Verpflichtung erforderlich, der der Verantwortliche unterliegt.<\/a><\/p>\n\n\n\n<h2 class=\"wp-block-heading\">Berechtigte Interessen nach Art. 6 Abs. 1 lit. f) DSGVO<\/h2>\n\n\n\n<p><a>Die Verarbeitung ist zur Wahrung der berechtigten Interessen des Verantwortlichen oder eines Dritten erforderlich, sofern nicht die Interessen oder Grundrechte und Grundfreiheiten der betroffenen Person, die den Schutz personenbezogener Daten erfordern, \u00fcberwiegen.<\/a><\/p>\n\n\n\n<h2 class=\"wp-block-heading\">Nationale Regelungen<\/h2>\n\n\n\n<p><a>Erg\u00e4nzend zur Datenschutzgrundverordnung gelten auch nationale, gesetzliche Vorschriften im Zusammenhang mit dem Datenschutz. Hier spezifiziert das Bundesdatenschutzgesetz (BDSG) die Rechte Betroffener (Auskunftsrecht, Recht auf L\u00f6schung, Widerspruchsrecht), die Verarbeitung besonderer Kategorien personenbezogener Daten nach Art. 9 DSGVO, Profiling, die Datenverarbeitung im Rahmen eines Besch\u00e4ftigungsverh\u00e4ltnisses (\u00a7 26 BDSG), insbesondere im Hinblick auf die Begr\u00fcndung, Durchf\u00fchrung oder Beendigung von Besch\u00e4ftigungsverh\u00e4ltnissen sowie die Einwilligung von Besch\u00e4ftigten. Letztlich k\u00f6nnen auch Datenschutzgesetze auf Bundeslandebene zur Anwendung kommen.<\/a><\/p>\n\n\n\n<h1 class=\"wp-block-heading\">Getroffene Sicherheitsma\u00dfnahmen<\/h1>\n\n\n\n<p>Wir treffen nach Ma\u00dfgabe der gesetzlichen Vorgaben unter Ber\u00fccksichtigung des Stands der Technik, der Implementierungskosten und der Art, des Umfangs, der Umst\u00e4nde und der Zwecke der Verarbeitung sowie der unterschiedlichen Eintrittswahrscheinlichkeiten und des Ausma\u00dfes der Bedrohung der Rechte und Freiheiten nat\u00fcrlicher Personen geeignete technische und organisatorische Ma\u00dfnahmen, um ein dem Risiko angemessenes Schutzniveau zu gew\u00e4hrleisten.<\/p>\n\n\n\n<p>Zu den Ma\u00dfnahmen geh\u00f6ren insbesondere die Sicherung der Vertraulichkeit, Integrit\u00e4t und Verf\u00fcgbarkeit von Daten durch Kontrolle des physischen und elektronischen Zugangs zu den Daten als auch des sie betreffenden Zugriffs, der Eingabe, der Weitergabe, der Sicherung der Verf\u00fcgbarkeit und ihrer Trennung. Des Weiteren haben wir Verfahren eingerichtet, die eine Wahrnehmung von Betroffenenrechten, die L\u00f6schung von Daten und Reaktionen auf die Gef\u00e4hrdung der Daten gew\u00e4hrleisten. Ferner ber\u00fccksichtigen wir den Schutz personenbezogener Daten bereits bei der Entwicklung bzw. Auswahl von Hardware, Software sowie Verfahren entsprechend dem Prinzip des Datenschutzes, durch Technikgestaltung und durch datenschutzfreundliche Voreinstellungen.<\/p>\n\n\n\n<p>Um Ihre via unser Online-Angebot \u00fcbermittelten Daten zu sch\u00fctzen, nutzen wir eine SSL-Verschl\u00fcsselung. Sie erkennen derart verschl\u00fcsselte Verbindungen an dem Pr\u00e4fix https:\/\/ in der Adresszeile Ihres Browsers.<\/p>\n\n\n\n<h1 class=\"wp-block-heading\">Informationen zu Cookies<\/h1>\n\n\n\n<p>Wir setzen Cookies ein. Bei Cookies handelt es sich um Textdateien, die im Internetbrowser bzw. vom Internetbrowser auf dem Computersystem des Nutzers gespeichert werden. Ruft ein Nutzer eine Website auf, so kann ein Cookie auf dem Betriebssystem des Nutzers gespeichert werden. Dieser Cookie enth\u00e4lt eine charakteristische Zeichenfolge, die eine eindeutige Identifizierung des Browsers beim erneuten Aufrufen der Website erm\u00f6glicht. Wir setzen Cookies ein, um unsere Website nutzerfreundlicher zu gestalten. Einige Elemente unserer Internetseite erfordern es, dass der aufrufende Browser auch nach einem Seitenwechsel identifiziert werden kann. In den Cookies werden dabei folgende Daten gespeichert und \u00fcbermittelt: Spracheinstellungen, Artikel in einem Warenkorb, Log-In-Informationen, etc.<\/p>\n\n\n\n<p>Der Zweck der Verwendung technisch notwendiger bzw. funktionaler Cookies ist, die Funktion der Webseite \u00fcberhaupt erst zu erm\u00f6glichen (notwendig) oder die Nutzung von Websites f\u00fcr die Nutzer zu vereinfachen (funktional). Einige Funktionen unserer Internetseite k\u00f6nnen ohne den Einsatz von Cookies nicht angeboten werden. F\u00fcr diese ist es erforderlich, dass der Browser auch nach einem Seitenwechsel wiedererkannt wird. Wir ben\u00f6tigen Cookies f\u00fcr die Zurverf\u00fcgungstellung von Warenkorb, \u00dcbernahme von Spracheinstellungen, Merken von Suchbegriffen, etc. Die Verarbeitung erfolgt daher auf Basis von Art. 6 Abs. 1 lit. b bzw. f DSGVO.<\/p>\n\n\n\n<p>Wir verwenden auf einigen unserer Webseiten dar\u00fcber hinaus Cookies, die eine Analyse des Surfverhaltens der Nutzer erm\u00f6glichen. Auf diese Weise werden eingegebene Suchbegriffe, H\u00e4ufigkeit von Seitenaufrufen, Inanspruchnahme von Webseite-Funktionen, etc. \u00fcbermittelt. Die auf diese Weise erhobenen Daten der Nutzer werden durch technische Vorkehrungen pseudonymisiert. Daher ist eine Zuordnung der Daten zum aufrufenden Nutzer nicht mehr m\u00f6glich. Die Daten werden nicht gemeinsam mit sonstigen personenbezogenen Daten der Nutzer gespeichert.<\/p>\n\n\n\n<p>Rechtsgrundlage f\u00fcr die Datenverarbeitung mittels Cookies:  Die Rechtsgrundlage f\u00fcr die Verarbeitung personenbezogener Daten unter Verwendung technisch notweniger Cookies ist Art. 6 Abs. 1 lit. f) DSGVO. Die Rechtsgrundlage f\u00fcr die Verarbeitung personenbezogener Daten unter Verwendung von Cookies zu Analysezwecken ist bei Vorliegen einer diesbez\u00fcglichen Einwilligung des Nutzers Art. 6 Abs. 1 lit. a) DSGVO, ansonsten Art. 6 Abs. 1 lit. f) DSGVO i.V.m. EG 47.<\/p>\n\n\n\n<h1 class=\"wp-block-heading\">Externe Einbindungen sowie Tracking und Retargeting<\/h1>\n\n\n\n<p>Auf unserer Website nutzen wir sowohl aufgrund technischer Notwendigkeiten als auch zur bedarfsgerechten Ausgestaltung externe Einbindungen, \u00fcber die wir im Folgenden informieren.<\/p>\n\n\n\n<h2 class=\"wp-block-heading\"><a>Google Maps<\/a><\/h2>\n\n\n\n<p class=\"translation-block\">Wir nutzen den Dienst Google Maps, um interaktives Kartenmaterial einzubinden. Hierbei werden Parameter wie die aufgerufenen Website, Verhalten auf der Website (z. B. Klick auf Links und Buttons, Scrollen), Ihre IP-Adresse, die Referrer-Url (die Seite, von der Sie auf unsere Website gelangt sind) sowie technische Informationen \u00fcber Ihr Endger\u00e4t erfasst.\nDie Rechtsgrundlage stellt Ihre erteilte Einwilligung nach Art. 6 Abs. 1 lit. a DSGVO dar. Diese Einwilligung holen wir ein, indem Sie auf \u201cGoogle Maps laden\u201d klicken. Weitere Informationen k\u00f6nnen unter folgendem Link abgerufen werden: https:\/\/policies.google.com\/privacy<\/p>\n\n\n\n<h2 class=\"wp-block-heading\"><a>Google ReCaptcha<\/a><\/h2>\n\n\n\n<p class=\"translation-block\">Wir nutzen den Dienst Google ReCaptcha, um uns vor Spam und sicherheitskritischen Angriffen auf unsere Website zu sch\u00fctzen.\nDie Rechtsgrundlage stellt unser berechtigtes Interesse nach Art. 6 Abs. 1 lit. f DSGVO dar, das in der Steigerung der Website-Sicherheit liegt. Weitere Informationen k\u00f6nnen unter folgendem Link abgerufen werden: https:\/\/policies.google.com\/privacy<\/p>\n\n\n\n<h2 class=\"wp-block-heading\"><a><a>Vimeo<\/a><\/a><\/h2>\n\n\n\n<p class=\"translation-block\">Auf manchen unserer Seiten nutzen wir das Videoportal Vimeo der Vimeo, LLC. Zweck der Dienstenutzung ist die Einbindung von Videos, die auf den Servern von Vimeo gespeichert sind und die performance- und geostandortoptimierte Delivery der Inhalte. Hierbei nutzen wir die datenschutzfreundliche Einbindungsweise von Vimeo. Es kann u.a. vorkommen, dass Ihre IP-Adresse weitergegeben wird und auch Daten \u00fcber Ihr Nutzungsverhalten.\nDaher dient uns eine Einwilligung nach Art. 6 Abs. 1 lit. a) DSGVO als Rechtsgrundlage der externen Einbindung. Weitere Informationen zum Datenschutz k\u00f6nnen unter folgendem Link abgerufen werden: https:\/\/vimeo.com\/privacy<\/p>\n\n\n\n<h1 class=\"wp-block-heading\">Kontaktaufnahme<\/h1>\n\n\n\n<p><a>Im Rahmen einer Kontaktaufnahme \u00fcber ein Kontaktformular, per E-Mail, Telefon oder sozialer Medien werden die getroffenen Angaben zur Beantwortung der Anfrage und ggf. auch Durchf\u00fchrung angefragter Ma\u00dfnahmen Gegenstand der Verarbeitung.\nDie Beantwortung Ihrer Anfrage erfolgt auf Grundlage von Art. 6 Abs. 1 lit. b) DSGVO zur Erf\u00fcllung vertraglicher Pflichten oder Beantwortung vorvertraglicher Anfragen. Zudem ist in bestimmten F\u00e4llen ein berechtigtes Interesse nach Art. 6 Abs. 1 lit. f) DSGVO Rechtsgrundlage.<\/a><\/p>\n\n\n\n<h1 class=\"wp-block-heading\">Betroffenenrechte<\/h1>\n\n\n\n<p>Sie haben das Recht<\/p>\n\n\n\n<ul class=\"wp-block-list\"><li>auf Best\u00e4tigung, ob Sie betreffende, personenbezogene Daten von uns verarbeitet werden oder wurden und k\u00f6nnen gem\u00e4\u00df Art. 15 DSGVO Auskunft von uns dar\u00fcber verlangen;<\/li><li>gem\u00e4\u00df Art. 16 DSGVO unverz\u00fcglich die Berichtigung unrichtiger oder Vervollst\u00e4ndigung Ihrer bei uns gespeicherten personenbezogenen Daten zu verlangen;<\/li><li>gem\u00e4\u00df Art. 17 DSGVO die L\u00f6schung Ihrer bei uns gespeicherten personenbezogenen Daten zu verlangen, soweit nicht die Verarbeitung zur Aus\u00fcbung des Rechts auf freie Meinungs\u00e4u\u00dferung und Information, zur Erf\u00fcllung einer rechtlichen Verpflichtung, aus Gr\u00fcnden des \u00f6ffentlichen Interesses oder zur Geltendmachung, Aus\u00fcbung oder Verteidigung von Rechtsanspr\u00fcchen erforderlich ist;<\/li><li>\u2022\tgem\u00e4\u00df Art. 18 DSGVO die Einschr\u00e4nkung der Verarbeitung Ihrer personenbezogenen Daten zu verlangen, soweit die Richtigkeit der Daten von Ihnen bestritten wird, die Verarbeitung unrechtm\u00e4\u00dfig ist, Sie aber deren L\u00f6schung ablehnen und wir die Daten nicht mehr ben\u00f6tigen, Sie jedoch diese zur Geltendmachung, Aus\u00fcbung oder Verteidigung von Rechtsanspr\u00fcchen ben\u00f6tigen oder Sie gem\u00e4\u00df Art. 21 DSGVO Widerspruch gegen die Verarbeitung eingelegt haben;<\/li><li>gem\u00e4\u00df Art. 20 DSGVO Ihre personenbezogenen Daten, die Sie uns bereitgestellt haben, in einem strukturierten, g\u00e4ngigen und maschinenlesbaren Format zu erhalten oder die \u00dcbermittlung an einen anderen Verantwortlichen zu verlangen;<\/li><li>gem\u00e4\u00df Art. 7 Abs. 3 DSGVO Ihre einmal erteilte Einwilligung jederzeit uns gegen\u00fcber zu widerrufen. Dies hat zur Folge, dass wir die Datenverarbeitung, die auf dieser Einwilligung beruhte, f\u00fcr die Zukunft nicht mehr fortf\u00fchren d\u00fcrfen und<a><\/a><\/li><li>gem\u00e4\u00df Art. 77 DSGVO haben Sie unbeschadet eines anderweitigen verwaltungsrechtlichen oder gerichtlichen Rechtsbehelfs das Recht, sich bei einer Aufsichtsbeh\u00f6rde zu beschweren. In der Regel k\u00f6nnen Sie sich hierf\u00fcr an die Aufsichtsbeh\u00f6rde Ihres \u00fcblichen Aufenthaltsortes oder Arbeitsplatzes oder den Ort des Orts des mutma\u00dflichen Versto\u00dfes wenden, wenn die betroffene Person der Ansicht ist, dass die Verarbeitung der sie betreffenden personenbezogenen Daten gegen die Datenschutzgrundverordnung der EU (DS-GVO) verst\u00f6\u00dft.<\/li><\/ul>\n\n\n\n<h1 class=\"wp-block-heading\">Datenl\u00f6schung<\/h1>\n\n\n\n<p>Ihre Daten werden grunds\u00e4tzlich gel\u00f6scht, wenn die Daten keinen gesetzlichen Aufbewahrungsfristen unterliegen, die Speicherdauer - in die Sie eingewilligt haben - abgelaufen ist oder Sie von Ihrem Recht auf L\u00f6schung Gebrauch machen.<\/p>","protected":false},"excerpt":{"rendered":"<p>Our privacy policy explains what information we collect, for what reason and how we use this information. In particular, we provide information in accordance with the requirements of Art. 12 &#8211; 14 DSGVO and your rights as a data subject. Controller Bio-Gen Milchserum Marketing GmbH Graf-von-Zeppelin-Stra\u00dfe 2-4D 56410 Montabaur Phone +49 (0) 2602 10 666 [&hellip;]<\/p>","protected":false},"author":1,"featured_media":0,"parent":0,"menu_order":0,"comment_status":"closed","ping_status":"closed","template":"","meta":{"_acf_changed":false,"footnotes":""},"class_list":["post-1389","page","type-page","status-publish","hentry"],"acf":[],"yoast_head":"<!-- This site is optimized with the Yoast SEO plugin v26.7 - https:\/\/yoast.com\/wordpress\/plugins\/seo\/ -->\n<title>Privacy policy - Bio-Gen<\/title>\n<meta name=\"robots\" content=\"index, follow, max-snippet:-1, max-image-preview:large, max-video-preview:-1\" \/>\n<link rel=\"canonical\" href=\"https:\/\/biogen-online.com\/de\/privacy-policy\/\" \/>\n<meta property=\"og:locale\" content=\"de_DE\" \/>\n<meta property=\"og:type\" content=\"article\" \/>\n<meta property=\"og:title\" content=\"Privacy policy - Bio-Gen\" \/>\n<meta property=\"og:description\" content=\"Our privacy policy explains what information we collect, for what reason and how we use this information. In particular, we provide information in accordance with the requirements of Art. 12 &#8211; 14 DSGVO and your rights as a data subject. Controller Bio-Gen Milchserum Marketing GmbH Graf-von-Zeppelin-Stra\u00dfe 2-4D 56410 Montabaur Phone +49 (0) 2602 10 666 [&hellip;]\" \/>\n<meta property=\"og:url\" content=\"https:\/\/biogen-online.com\/de\/privacy-policy\/\" \/>\n<meta property=\"og:site_name\" content=\"Bio-Gen\" \/>\n<meta property=\"article:modified_time\" content=\"2022-04-26T07:23:06+00:00\" \/>\n<meta name=\"twitter:card\" content=\"summary_large_image\" \/>\n<meta name=\"twitter:label1\" content=\"Gesch\u00e4tzte Lesezeit\" \/>\n\t<meta name=\"twitter:data1\" content=\"9\u00a0Minuten\" \/>\n<script type=\"application\/ld+json\" class=\"yoast-schema-graph\">{\"@context\":\"https:\/\/schema.org\",\"@graph\":[{\"@type\":\"WebPage\",\"@id\":\"https:\/\/biogen-online.com\/privacy-policy\/\",\"url\":\"https:\/\/biogen-online.com\/privacy-policy\/\",\"name\":\"Privacy policy - Bio-Gen\",\"isPartOf\":{\"@id\":\"https:\/\/biogen-online.com\/de\/#website\"},\"datePublished\":\"2022-04-07T09:36:27+00:00\",\"dateModified\":\"2022-04-26T07:23:06+00:00\",\"breadcrumb\":{\"@id\":\"https:\/\/biogen-online.com\/privacy-policy\/#breadcrumb\"},\"inLanguage\":\"de\",\"potentialAction\":[{\"@type\":\"ReadAction\",\"target\":[\"https:\/\/biogen-online.com\/privacy-policy\/\"]}]},{\"@type\":\"BreadcrumbList\",\"@id\":\"https:\/\/biogen-online.com\/privacy-policy\/#breadcrumb\",\"itemListElement\":[{\"@type\":\"ListItem\",\"position\":1,\"name\":\"Home\",\"item\":\"https:\/\/biogen-online.com\/\"},{\"@type\":\"ListItem\",\"position\":2,\"name\":\"Privacy policy\"}]},{\"@type\":\"WebSite\",\"@id\":\"https:\/\/biogen-online.com\/de\/#website\",\"url\":\"https:\/\/biogen-online.com\/de\/\",\"name\":\"Bio-Gen\",\"description\":\"Private label\",\"publisher\":{\"@id\":\"https:\/\/biogen-online.com\/de\/#organization\"},\"potentialAction\":[{\"@type\":\"SearchAction\",\"target\":{\"@type\":\"EntryPoint\",\"urlTemplate\":\"https:\/\/biogen-online.com\/de\/?s={search_term_string}\"},\"query-input\":{\"@type\":\"PropertyValueSpecification\",\"valueRequired\":true,\"valueName\":\"search_term_string\"}}],\"inLanguage\":\"de\"},{\"@type\":\"Organization\",\"@id\":\"https:\/\/biogen-online.com\/de\/#organization\",\"name\":\"Bio-Gen\",\"url\":\"https:\/\/biogen-online.com\/de\/\",\"logo\":{\"@type\":\"ImageObject\",\"inLanguage\":\"de\",\"@id\":\"https:\/\/biogen-online.com\/de\/#\/schema\/logo\/image\/\",\"url\":\"https:\/\/i0.wp.com\/biogen-online.com\/wp-content\/uploads\/2021\/01\/Logo_BIO-GEN_nagemaakt_MR.png?fit=443%2C101&ssl=1\",\"contentUrl\":\"https:\/\/i0.wp.com\/biogen-online.com\/wp-content\/uploads\/2021\/01\/Logo_BIO-GEN_nagemaakt_MR.png?fit=443%2C101&ssl=1\",\"width\":443,\"height\":101,\"caption\":\"Bio-Gen\"},\"image\":{\"@id\":\"https:\/\/biogen-online.com\/de\/#\/schema\/logo\/image\/\"}}]}<\/script>\n<!-- \/ Yoast SEO plugin. -->","yoast_head_json":{"title":"Privacy policy - Bio-Gen","robots":{"index":"index","follow":"follow","max-snippet":"max-snippet:-1","max-image-preview":"max-image-preview:large","max-video-preview":"max-video-preview:-1"},"canonical":"https:\/\/biogen-online.com\/de\/privacy-policy\/","og_locale":"de_DE","og_type":"article","og_title":"Privacy policy - Bio-Gen","og_description":"Our privacy policy explains what information we collect, for what reason and how we use this information. In particular, we provide information in accordance with the requirements of Art. 12 &#8211; 14 DSGVO and your rights as a data subject. Controller Bio-Gen Milchserum Marketing GmbH Graf-von-Zeppelin-Stra\u00dfe 2-4D 56410 Montabaur Phone +49 (0) 2602 10 666 [&hellip;]","og_url":"https:\/\/biogen-online.com\/de\/privacy-policy\/","og_site_name":"Bio-Gen","article_modified_time":"2022-04-26T07:23:06+00:00","twitter_card":"summary_large_image","twitter_misc":{"Gesch\u00e4tzte Lesezeit":"9\u00a0Minuten"},"schema":{"@context":"https:\/\/schema.org","@graph":[{"@type":"WebPage","@id":"https:\/\/biogen-online.com\/privacy-policy\/","url":"https:\/\/biogen-online.com\/privacy-policy\/","name":"Privacy policy - Bio-Gen","isPartOf":{"@id":"https:\/\/biogen-online.com\/de\/#website"},"datePublished":"2022-04-07T09:36:27+00:00","dateModified":"2022-04-26T07:23:06+00:00","breadcrumb":{"@id":"https:\/\/biogen-online.com\/privacy-policy\/#breadcrumb"},"inLanguage":"de","potentialAction":[{"@type":"ReadAction","target":["https:\/\/biogen-online.com\/privacy-policy\/"]}]},{"@type":"BreadcrumbList","@id":"https:\/\/biogen-online.com\/privacy-policy\/#breadcrumb","itemListElement":[{"@type":"ListItem","position":1,"name":"Home","item":"https:\/\/biogen-online.com\/"},{"@type":"ListItem","position":2,"name":"Privacy policy"}]},{"@type":"WebSite","@id":"https:\/\/biogen-online.com\/de\/#website","url":"https:\/\/biogen-online.com\/de\/","name":"Bio-Gen","description":"Eigenmarke","publisher":{"@id":"https:\/\/biogen-online.com\/de\/#organization"},"potentialAction":[{"@type":"SearchAction","target":{"@type":"EntryPoint","urlTemplate":"https:\/\/biogen-online.com\/de\/?s={search_term_string}"},"query-input":{"@type":"PropertyValueSpecification","valueRequired":true,"valueName":"search_term_string"}}],"inLanguage":"de"},{"@type":"Organization","@id":"https:\/\/biogen-online.com\/de\/#organization","name":"Bio-Gen","url":"https:\/\/biogen-online.com\/de\/","logo":{"@type":"ImageObject","inLanguage":"de","@id":"https:\/\/biogen-online.com\/de\/#\/schema\/logo\/image\/","url":"https:\/\/i0.wp.com\/biogen-online.com\/wp-content\/uploads\/2021\/01\/Logo_BIO-GEN_nagemaakt_MR.png?fit=443%2C101&ssl=1","contentUrl":"https:\/\/i0.wp.com\/biogen-online.com\/wp-content\/uploads\/2021\/01\/Logo_BIO-GEN_nagemaakt_MR.png?fit=443%2C101&ssl=1","width":443,"height":101,"caption":"Bio-Gen"},"image":{"@id":"https:\/\/biogen-online.com\/de\/#\/schema\/logo\/image\/"}}]}},"jetpack_sharing_enabled":true,"_links":{"self":[{"href":"https:\/\/biogen-online.com\/de\/wp-json\/wp\/v2\/pages\/1389","targetHints":{"allow":["GET"]}}],"collection":[{"href":"https:\/\/biogen-online.com\/de\/wp-json\/wp\/v2\/pages"}],"about":[{"href":"https:\/\/biogen-online.com\/de\/wp-json\/wp\/v2\/types\/page"}],"author":[{"embeddable":true,"href":"https:\/\/biogen-online.com\/de\/wp-json\/wp\/v2\/users\/1"}],"replies":[{"embeddable":true,"href":"https:\/\/biogen-online.com\/de\/wp-json\/wp\/v2\/comments?post=1389"}],"version-history":[{"count":3,"href":"https:\/\/biogen-online.com\/de\/wp-json\/wp\/v2\/pages\/1389\/revisions"}],"predecessor-version":[{"id":1465,"href":"https:\/\/biogen-online.com\/de\/wp-json\/wp\/v2\/pages\/1389\/revisions\/1465"}],"wp:attachment":[{"href":"https:\/\/biogen-online.com\/de\/wp-json\/wp\/v2\/media?parent=1389"}],"curies":[{"name":"wp","href":"https:\/\/api.w.org\/{rel}","templated":true}]}}