{"id":763,"date":"2021-01-20T15:47:02","date_gmt":"2021-01-20T15:47:02","guid":{"rendered":"http:\/\/biogen-online.com\/?page_id=763"},"modified":"2026-03-26T12:04:30","modified_gmt":"2026-03-26T12:04:30","slug":"inhoud-milchserum","status":"publish","type":"page","link":"https:\/\/biogen-online.com\/de\/home\/inhoud-milchserum\/","title":{"rendered":"Inhoud &#8211; 1. milchserum"},"content":{"rendered":"<div data-elementor-type=\"wp-page\" data-elementor-id=\"763\" class=\"elementor elementor-763\">\n\t\t\t\t\t\t<section class=\"elementor-section elementor-top-section elementor-element elementor-element-5d5f202 elementor-section-boxed elementor-section-height-default elementor-section-height-default\" data-id=\"5d5f202\" data-element_type=\"section\">\n\t\t\t\t\t\t<div class=\"elementor-container elementor-column-gap-default\">\n\t\t\t\t\t<div class=\"elementor-column elementor-col-50 elementor-top-column elementor-element elementor-element-93023c0\" data-id=\"93023c0\" data-element_type=\"column\">\n\t\t\t<div class=\"elementor-widget-wrap elementor-element-populated\">\n\t\t\t\t\t\t<div class=\"elementor-element elementor-element-8098d28 elementor-widget elementor-widget-text-editor\" data-id=\"8098d28\" data-element_type=\"widget\" data-widget_type=\"text-editor.default\">\n\t\t\t\t<div class=\"elementor-widget-container\">\n\t\t\t\t\t\t\t\t\t<p>Was ist Multi Active Milk Serum?<br \/>Das lateinische Wort f\u00fcr Molke lautet \u201eserum\u201c. Dies verdeutlicht, wie vertraut man in der Antike mit dem nicht geronnenen Bestandteil der Milch war. Das patentierte Verfahren erm\u00f6glicht die Herstellung von Multi Active Milk Serum auf nat\u00fcrlicher Basis.<br \/>Das Serum enth\u00e4lt hochwertige nat\u00fcrliche Proteine, Aminos\u00e4uren, alle Vitamine, Spurenelemente sowie Stoffwechselprodukte von Milchs\u00e4urebakterien.<br \/>Was bewirkt das Multi Active Milk Serum f\u00fcr die Haut?<br \/>Es ist bekannt, dass Proteine aus Molke von herausragender Qualit\u00e4t sind und sich gut physiologisch anwenden lassen. Insbesondere die durch S\u00e4urehydrolyse gewonnenen Proteine verf\u00fcgen \u00fcber enorme sch\u00fctzende Eigenschaften. Durch die stabilisierenden pH-Werte erh\u00f6ht sich die Pufferkapazit\u00e4t der Haut unmittelbar. Die nat\u00fcrlichen Milchs\u00e4uren spielen eine wichtige Rolle beim Schutz vor verschiedenen Hauterkrankungen.<\/p>\t\t\t\t\t\t\t\t<\/div>\n\t\t\t\t<\/div>\n\t\t\t\t\t<\/div>\n\t\t<\/div>\n\t\t\t\t<div class=\"elementor-column elementor-col-50 elementor-top-column elementor-element elementor-element-30e35fc8\" data-id=\"30e35fc8\" data-element_type=\"column\">\n\t\t\t<div class=\"elementor-widget-wrap elementor-element-populated\">\n\t\t\t\t\t\t<div class=\"elementor-element elementor-element-5a9c4019 elementor-widget elementor-widget-text-editor\" data-id=\"5a9c4019\" data-element_type=\"widget\" data-widget_type=\"text-editor.default\">\n\t\t\t\t<div class=\"elementor-widget-container\">\n\t\t\t\t\t\t\t\t\t<p>De Bio-Gen Hautpflegeprodukte unterst\u00fctzen und aktivieren symbiotische Systeme der Haut und ihrer Flora. Dar\u00fcber hinaus stimulieren und n\u00e4hren die Produkte die Haut auf nat\u00fcrliche Weise, w\u00e4hrend sie sich selbst wieder aufbaut. Denn die Produkte sind reich an nat\u00fcrlicher Quelle mit Milchproteinen, Aminos\u00e4uren, Vitaminen, Spurenelementen, Milch- sowie Stoffwechselprodukten von Milchs\u00e4uren. Gerade dadurch sind die Produkte f\u00fcr Menschen mit empfindlicher oder trockener Haut sehr gut geeignet.<\/p>\t\t\t\t\t\t\t\t<\/div>\n\t\t\t\t<\/div>\n\t\t\t\t<section class=\"elementor-section elementor-inner-section elementor-element elementor-element-57bbcce elementor-section-content-middle elementor-section-boxed elementor-section-height-default elementor-section-height-default\" data-id=\"57bbcce\" data-element_type=\"section\" data-settings=\"{&quot;background_background&quot;:&quot;classic&quot;}\">\n\t\t\t\t\t\t<div class=\"elementor-container elementor-column-gap-default\">\n\t\t\t\t\t<div class=\"elementor-column elementor-col-33 elementor-inner-column elementor-element elementor-element-91ad745\" data-id=\"91ad745\" data-element_type=\"column\">\n\t\t\t<div class=\"elementor-widget-wrap elementor-element-populated\">\n\t\t\t\t\t\t<div class=\"elementor-element elementor-element-68ec230 animated-slow elementor-invisible elementor-widget elementor-widget-image\" data-id=\"68ec230\" data-element_type=\"widget\" data-settings=\"{&quot;_animation&quot;:&quot;fadeIn&quot;}\" data-widget_type=\"image.default\">\n\t\t\t\t<div class=\"elementor-widget-container\">\n\t\t\t\t\t\t\t\t\t\t\t\t\t\t\t\t<a href=\"https:\/\/biogen-online.com\/wp-content\/uploads\/2023\/06\/GMP-Certificate-Bio-Gen-2023-2026.pdf\" target=\"_blank\">\n\t\t\t\t\t\t\t<img decoding=\"async\" width=\"150\" height=\"150\" src=\"https:\/\/i0.wp.com\/biogen-online.com\/wp-content\/uploads\/2021\/01\/GDP_blau.png?resize=150%2C150&amp;ssl=1\" class=\"attachment-thumbnail size-thumbnail wp-image-355\" alt=\"\" srcset=\"https:\/\/i0.wp.com\/biogen-online.com\/wp-content\/uploads\/2021\/01\/GDP_blau.png?w=600&amp;ssl=1 600w, https:\/\/i0.wp.com\/biogen-online.com\/wp-content\/uploads\/2021\/01\/GDP_blau.png?resize=300%2C300&amp;ssl=1 300w, https:\/\/i0.wp.com\/biogen-online.com\/wp-content\/uploads\/2021\/01\/GDP_blau.png?resize=150%2C150&amp;ssl=1 150w, https:\/\/i0.wp.com\/biogen-online.com\/wp-content\/uploads\/2021\/01\/GDP_blau.png?resize=500%2C500&amp;ssl=1 500w, https:\/\/i0.wp.com\/biogen-online.com\/wp-content\/uploads\/2021\/01\/GDP_blau.png?w=75&amp;ssl=1 75w\" sizes=\"(max-width: 150px) 100vw, 150px\" \/>\t\t\t\t\t\t\t\t<\/a>\n\t\t\t\t\t\t\t\t\t\t\t\t\t\t\t<\/div>\n\t\t\t\t<\/div>\n\t\t\t\t\t<\/div>\n\t\t<\/div>\n\t\t\t\t<div class=\"elementor-column elementor-col-33 elementor-inner-column elementor-element elementor-element-c426c69\" data-id=\"c426c69\" data-element_type=\"column\">\n\t\t\t<div class=\"elementor-widget-wrap elementor-element-populated\">\n\t\t\t\t\t\t<div class=\"elementor-element elementor-element-f5ece12 animated-slow elementor-invisible elementor-widget elementor-widget-image\" data-id=\"f5ece12\" data-element_type=\"widget\" data-settings=\"{&quot;_animation&quot;:&quot;fadeIn&quot;}\" data-widget_type=\"image.default\">\n\t\t\t\t<div class=\"elementor-widget-container\">\n\t\t\t\t\t\t\t\t\t\t\t\t\t\t\t\t<a href=\"https:\/\/biogen-online.com\/wp-content\/uploads\/2023\/06\/GMP-Certificate-Bio-Gen-2023-2026.pdf\" target=\"_blank\">\n\t\t\t\t\t\t\t<img decoding=\"async\" src=\"https:\/\/i0.wp.com\/biogen-online.com\/wp-content\/uploads\/2021\/01\/PC-logo.png?fit=120%2C135&#038;ssl=1\" title=\"PC-logo\" alt=\"PC-logo\" loading=\"lazy\" \/>\t\t\t\t\t\t\t\t<\/a>\n\t\t\t\t\t\t\t\t\t\t\t\t\t\t\t<\/div>\n\t\t\t\t<\/div>\n\t\t\t\t\t<\/div>\n\t\t<\/div>\n\t\t\t\t<div class=\"elementor-column elementor-col-33 elementor-inner-column elementor-element elementor-element-c576eb6\" data-id=\"c576eb6\" data-element_type=\"column\">\n\t\t\t<div class=\"elementor-widget-wrap elementor-element-populated\">\n\t\t\t\t\t\t<div class=\"elementor-element elementor-element-03d1d50 animated-slow elementor-invisible elementor-widget elementor-widget-image\" data-id=\"03d1d50\" data-element_type=\"widget\" data-settings=\"{&quot;_animation&quot;:&quot;fadeIn&quot;}\" data-widget_type=\"image.default\">\n\t\t\t\t<div class=\"elementor-widget-container\">\n\t\t\t\t\t\t\t\t\t\t\t\t\t\t\t\t<a href=\"https:\/\/biogen-online.com\/wp-content\/uploads\/2026\/03\/15320-Bio-Gen_2026_CERT_HACCP.pdf\" target=\"_blank\">\n\t\t\t\t\t\t\t<img data-recalc-dims=\"1\" decoding=\"async\" src=\"https:\/\/i0.wp.com\/biogen-online.com\/wp-content\/uploads\/elementor\/thumbs\/Siegel_mit_Norm_HACCP-r03ddhyvnj2pzj31ii4glkao9vwclybu2oat8ht3lg.png?ssl=1\" title=\"Siegel_mit_Norm_HACCP\" alt=\"Siegel_mit_Norm_HACCP\" loading=\"lazy\" \/>\t\t\t\t\t\t\t\t<\/a>\n\t\t\t\t\t\t\t\t\t\t\t\t\t\t\t<\/div>\n\t\t\t\t<\/div>\n\t\t\t\t<div class=\"elementor-element elementor-element-9349471 elementor-widget__width-auto elementor-widget elementor-widget-heading\" data-id=\"9349471\" data-element_type=\"widget\" data-widget_type=\"heading.default\">\n\t\t\t\t<div class=\"elementor-widget-container\">\n\t\t\t\t\t<h2 class=\"elementor-heading-title elementor-size-default\"><a href=\"https:\/\/biogen-online.com\/wp-content\/uploads\/2026\/03\/17418-Bio-Gen_2026_CERT_22000.pdf\" target=\"_blank\">\u25bc ISO<\/a><\/h2>\t\t\t\t<\/div>\n\t\t\t\t<\/div>\n\t\t\t\t\t<\/div>\n\t\t<\/div>\n\t\t\t\t\t<\/div>\n\t\t<\/section>\n\t\t\t\t\t<\/div>\n\t\t<\/div>\n\t\t\t\t\t<\/div>\n\t\t<\/section>\n\t\t\t\t<\/div>","protected":false},"excerpt":{"rendered":"<p>What is Multi Active Milk Serum?The Latin word for whey is serum. This points out the familiarness of the none curdled element of milk in ancient times. The patented procedure makes it possible to produce Multi Active Milk Serum on a natural basis.The Serum contains eminent natural proteins, amino acid, all vitamins, trace elements and [&hellip;]<\/p>","protected":false},"author":1,"featured_media":0,"parent":171,"menu_order":0,"comment_status":"closed","ping_status":"closed","template":"","meta":{"_acf_changed":false,"footnotes":""},"class_list":["post-763","page","type-page","status-publish","hentry"],"acf":[],"yoast_head":"<!-- This site is optimized with the Yoast SEO plugin v26.7 - https:\/\/yoast.com\/wordpress\/plugins\/seo\/ -->\n<title>Inhoud - 1. milchserum - Bio-Gen<\/title>\n<meta name=\"robots\" content=\"index, follow, max-snippet:-1, max-image-preview:large, max-video-preview:-1\" \/>\n<link rel=\"canonical\" href=\"https:\/\/biogen-online.com\/de\/home\/inhoud-milchserum\/\" \/>\n<meta property=\"og:locale\" content=\"de_DE\" \/>\n<meta property=\"og:type\" content=\"article\" \/>\n<meta property=\"og:title\" content=\"Inhoud - 1. milchserum - Bio-Gen\" \/>\n<meta property=\"og:description\" content=\"What is Multi Active Milk Serum?The Latin word for whey is serum. This points out the familiarness of the none curdled element of milk in ancient times. The patented procedure makes it possible to produce Multi Active Milk Serum on a natural basis.The Serum contains eminent natural proteins, amino acid, all vitamins, trace elements and [&hellip;]\" \/>\n<meta property=\"og:url\" content=\"https:\/\/biogen-online.com\/de\/home\/inhoud-milchserum\/\" \/>\n<meta property=\"og:site_name\" content=\"Bio-Gen\" \/>\n<meta property=\"article:modified_time\" content=\"2026-03-26T12:04:30+00:00\" \/>\n<meta property=\"og:image\" content=\"https:\/\/biogen-online.com\/wp-content\/uploads\/2021\/01\/GDP_blau-150x150.png\" \/>\n<meta name=\"twitter:card\" content=\"summary_large_image\" \/>\n<meta name=\"twitter:label1\" content=\"Gesch\u00e4tzte Lesezeit\" \/>\n\t<meta name=\"twitter:data1\" content=\"2\u00a0Minuten\" \/>\n<script type=\"application\/ld+json\" class=\"yoast-schema-graph\">{\"@context\":\"https:\/\/schema.org\",\"@graph\":[{\"@type\":\"WebPage\",\"@id\":\"https:\/\/biogen-online.com\/home\/inhoud-milchserum\/\",\"url\":\"https:\/\/biogen-online.com\/home\/inhoud-milchserum\/\",\"name\":\"Inhoud - 1. milchserum - Bio-Gen\",\"isPartOf\":{\"@id\":\"https:\/\/biogen-online.com\/de\/#website\"},\"primaryImageOfPage\":{\"@id\":\"https:\/\/biogen-online.com\/home\/inhoud-milchserum\/#primaryimage\"},\"image\":{\"@id\":\"https:\/\/biogen-online.com\/home\/inhoud-milchserum\/#primaryimage\"},\"thumbnailUrl\":\"https:\/\/biogen-online.com\/wp-content\/uploads\/2021\/01\/GDP_blau-150x150.png\",\"datePublished\":\"2021-01-20T15:47:02+00:00\",\"dateModified\":\"2026-03-26T12:04:30+00:00\",\"breadcrumb\":{\"@id\":\"https:\/\/biogen-online.com\/home\/inhoud-milchserum\/#breadcrumb\"},\"inLanguage\":\"de\",\"potentialAction\":[{\"@type\":\"ReadAction\",\"target\":[\"https:\/\/biogen-online.com\/home\/inhoud-milchserum\/\"]}]},{\"@type\":\"ImageObject\",\"inLanguage\":\"de\",\"@id\":\"https:\/\/biogen-online.com\/home\/inhoud-milchserum\/#primaryimage\",\"url\":\"https:\/\/biogen-online.com\/wp-content\/uploads\/2021\/01\/GDP_blau-150x150.png\",\"contentUrl\":\"https:\/\/biogen-online.com\/wp-content\/uploads\/2021\/01\/GDP_blau-150x150.png\"},{\"@type\":\"BreadcrumbList\",\"@id\":\"https:\/\/biogen-online.com\/home\/inhoud-milchserum\/#breadcrumb\",\"itemListElement\":[{\"@type\":\"ListItem\",\"position\":1,\"name\":\"Home\",\"item\":\"https:\/\/biogen-online.com\/\"},{\"@type\":\"ListItem\",\"position\":2,\"name\":\"Home\",\"item\":\"https:\/\/biogen-online.com\/de\/home\/\"},{\"@type\":\"ListItem\",\"position\":3,\"name\":\"Inhoud &#8211; 1. milchserum\"}]},{\"@type\":\"WebSite\",\"@id\":\"https:\/\/biogen-online.com\/de\/#website\",\"url\":\"https:\/\/biogen-online.com\/de\/\",\"name\":\"Bio-Gen\",\"description\":\"Private label\",\"publisher\":{\"@id\":\"https:\/\/biogen-online.com\/de\/#organization\"},\"potentialAction\":[{\"@type\":\"SearchAction\",\"target\":{\"@type\":\"EntryPoint\",\"urlTemplate\":\"https:\/\/biogen-online.com\/de\/?s={search_term_string}\"},\"query-input\":{\"@type\":\"PropertyValueSpecification\",\"valueRequired\":true,\"valueName\":\"search_term_string\"}}],\"inLanguage\":\"de\"},{\"@type\":\"Organization\",\"@id\":\"https:\/\/biogen-online.com\/de\/#organization\",\"name\":\"Bio-Gen\",\"url\":\"https:\/\/biogen-online.com\/de\/\",\"logo\":{\"@type\":\"ImageObject\",\"inLanguage\":\"de\",\"@id\":\"https:\/\/biogen-online.com\/de\/#\/schema\/logo\/image\/\",\"url\":\"https:\/\/i0.wp.com\/biogen-online.com\/wp-content\/uploads\/2021\/01\/Logo_BIO-GEN_nagemaakt_MR.png?fit=443%2C101&ssl=1\",\"contentUrl\":\"https:\/\/i0.wp.com\/biogen-online.com\/wp-content\/uploads\/2021\/01\/Logo_BIO-GEN_nagemaakt_MR.png?fit=443%2C101&ssl=1\",\"width\":443,\"height\":101,\"caption\":\"Bio-Gen\"},\"image\":{\"@id\":\"https:\/\/biogen-online.com\/de\/#\/schema\/logo\/image\/\"}}]}<\/script>\n<!-- \/ Yoast SEO plugin. -->","yoast_head_json":{"title":"Inhoud - 1. milchserum - Bio-Gen","robots":{"index":"index","follow":"follow","max-snippet":"max-snippet:-1","max-image-preview":"max-image-preview:large","max-video-preview":"max-video-preview:-1"},"canonical":"https:\/\/biogen-online.com\/de\/home\/inhoud-milchserum\/","og_locale":"de_DE","og_type":"article","og_title":"Inhoud - 1. milchserum - Bio-Gen","og_description":"What is Multi Active Milk Serum?The Latin word for whey is serum. This points out the familiarness of the none curdled element of milk in ancient times. The patented procedure makes it possible to produce Multi Active Milk Serum on a natural basis.The Serum contains eminent natural proteins, amino acid, all vitamins, trace elements and [&hellip;]","og_url":"https:\/\/biogen-online.com\/de\/home\/inhoud-milchserum\/","og_site_name":"Bio-Gen","article_modified_time":"2026-03-26T12:04:30+00:00","og_image":[{"url":"https:\/\/biogen-online.com\/wp-content\/uploads\/2021\/01\/GDP_blau-150x150.png","type":"","width":"","height":""}],"twitter_card":"summary_large_image","twitter_misc":{"Gesch\u00e4tzte Lesezeit":"2\u00a0Minuten"},"schema":{"@context":"https:\/\/schema.org","@graph":[{"@type":"WebPage","@id":"https:\/\/biogen-online.com\/home\/inhoud-milchserum\/","url":"https:\/\/biogen-online.com\/home\/inhoud-milchserum\/","name":"Inhoud - 1. milchserum - Bio-Gen","isPartOf":{"@id":"https:\/\/biogen-online.com\/de\/#website"},"primaryImageOfPage":{"@id":"https:\/\/biogen-online.com\/home\/inhoud-milchserum\/#primaryimage"},"image":{"@id":"https:\/\/biogen-online.com\/home\/inhoud-milchserum\/#primaryimage"},"thumbnailUrl":"https:\/\/biogen-online.com\/wp-content\/uploads\/2021\/01\/GDP_blau-150x150.png","datePublished":"2021-01-20T15:47:02+00:00","dateModified":"2026-03-26T12:04:30+00:00","breadcrumb":{"@id":"https:\/\/biogen-online.com\/home\/inhoud-milchserum\/#breadcrumb"},"inLanguage":"de","potentialAction":[{"@type":"ReadAction","target":["https:\/\/biogen-online.com\/home\/inhoud-milchserum\/"]}]},{"@type":"ImageObject","inLanguage":"de","@id":"https:\/\/biogen-online.com\/home\/inhoud-milchserum\/#primaryimage","url":"https:\/\/biogen-online.com\/wp-content\/uploads\/2021\/01\/GDP_blau-150x150.png","contentUrl":"https:\/\/biogen-online.com\/wp-content\/uploads\/2021\/01\/GDP_blau-150x150.png"},{"@type":"BreadcrumbList","@id":"https:\/\/biogen-online.com\/home\/inhoud-milchserum\/#breadcrumb","itemListElement":[{"@type":"ListItem","position":1,"name":"Home","item":"https:\/\/biogen-online.com\/"},{"@type":"ListItem","position":2,"name":"Home","item":"https:\/\/biogen-online.com\/de\/home\/"},{"@type":"ListItem","position":3,"name":"Inhoud &#8211; 1. milchserum"}]},{"@type":"WebSite","@id":"https:\/\/biogen-online.com\/de\/#website","url":"https:\/\/biogen-online.com\/de\/","name":"Bio-Gen","description":"Eigenmarke","publisher":{"@id":"https:\/\/biogen-online.com\/de\/#organization"},"potentialAction":[{"@type":"SearchAction","target":{"@type":"EntryPoint","urlTemplate":"https:\/\/biogen-online.com\/de\/?s={search_term_string}"},"query-input":{"@type":"PropertyValueSpecification","valueRequired":true,"valueName":"search_term_string"}}],"inLanguage":"de"},{"@type":"Organization","@id":"https:\/\/biogen-online.com\/de\/#organization","name":"Bio-Gen","url":"https:\/\/biogen-online.com\/de\/","logo":{"@type":"ImageObject","inLanguage":"de","@id":"https:\/\/biogen-online.com\/de\/#\/schema\/logo\/image\/","url":"https:\/\/i0.wp.com\/biogen-online.com\/wp-content\/uploads\/2021\/01\/Logo_BIO-GEN_nagemaakt_MR.png?fit=443%2C101&ssl=1","contentUrl":"https:\/\/i0.wp.com\/biogen-online.com\/wp-content\/uploads\/2021\/01\/Logo_BIO-GEN_nagemaakt_MR.png?fit=443%2C101&ssl=1","width":443,"height":101,"caption":"Bio-Gen"},"image":{"@id":"https:\/\/biogen-online.com\/de\/#\/schema\/logo\/image\/"}}]}},"jetpack_sharing_enabled":true,"_links":{"self":[{"href":"https:\/\/biogen-online.com\/de\/wp-json\/wp\/v2\/pages\/763","targetHints":{"allow":["GET"]}}],"collection":[{"href":"https:\/\/biogen-online.com\/de\/wp-json\/wp\/v2\/pages"}],"about":[{"href":"https:\/\/biogen-online.com\/de\/wp-json\/wp\/v2\/types\/page"}],"author":[{"embeddable":true,"href":"https:\/\/biogen-online.com\/de\/wp-json\/wp\/v2\/users\/1"}],"replies":[{"embeddable":true,"href":"https:\/\/biogen-online.com\/de\/wp-json\/wp\/v2\/comments?post=763"}],"version-history":[{"count":131,"href":"https:\/\/biogen-online.com\/de\/wp-json\/wp\/v2\/pages\/763\/revisions"}],"predecessor-version":[{"id":1794,"href":"https:\/\/biogen-online.com\/de\/wp-json\/wp\/v2\/pages\/763\/revisions\/1794"}],"up":[{"embeddable":true,"href":"https:\/\/biogen-online.com\/de\/wp-json\/wp\/v2\/pages\/171"}],"wp:attachment":[{"href":"https:\/\/biogen-online.com\/de\/wp-json\/wp\/v2\/media?parent=763"}],"curies":[{"name":"wp","href":"https:\/\/api.w.org\/{rel}","templated":true}]}}